{"id":4097,"date":"2025-04-08T18:23:43","date_gmt":"2025-04-08T10:23:43","guid":{"rendered":"https:\/\/www.airbag.cc\/?page_id=4097"},"modified":"2025-07-07T16:54:32","modified_gmt":"2025-07-07T08:54:32","slug":"high-end-customized-smart-pneumatic-fender","status":"publish","type":"page","link":"https:\/\/www.airbag.cc\/fr\/high-end-customized-smart-pneumatic-fender\/","title":{"rendered":"HAUT DE GAMME PERSONNALIS\u00c9 - D\u00e9fenses pneumatiques intelligentes"},"content":{"rendered":"","protected":false},"excerpt":{"rendered":"","protected":false},"author":1,"featured_media":0,"parent":0,"menu_order":0,"comment_status":"closed","ping_status":"closed","template":"","meta":{"footnotes":""},"class_list":["post-4097","page","type-page","status-publish","hentry"],"yoast_head":"<!-- This site is optimized with the Yoast SEO Premium plugin v25.7.1 (Yoast SEO v27.3) - https:\/\/yoast.com\/product\/yoast-seo-premium-wordpress\/ -->\n<title>HIGH END CUSTOMIZED-Smart Pneumatic Fender - pneumatic fenders_yokohama fender_vessel fender-NanHai Groups Marine<\/title>\n<meta name=\"robots\" content=\"index, follow, max-snippet:-1, max-image-preview:large, max-video-preview:-1\" \/>\n<link rel=\"canonical\" href=\"https:\/\/www.airbag.cc\/fr\/high-end-customized-smart-pneumatic-fender\/\" \/>\n<meta property=\"og:locale\" content=\"fr_FR\" \/>\n<meta property=\"og:type\" content=\"article\" \/>\n<meta property=\"og:title\" content=\"HIGH END CUSTOMIZED-Smart Pneumatic Fender\" \/>\n<meta property=\"og:url\" content=\"https:\/\/www.airbag.cc\/fr\/high-end-customized-smart-pneumatic-fender\/\" \/>\n<meta property=\"og:site_name\" content=\"pneumatic fenders_yokohama fender_vessel fender-NanHai Groups Marine\" \/>\n<meta property=\"article:publisher\" content=\"https:\/\/www.facebook.com\/nanhaimarine\/\" \/>\n<meta property=\"article:modified_time\" content=\"2025-07-07T08:54:32+00:00\" \/>\n<meta name=\"twitter:card\" content=\"summary_large_image\" \/>\n<script type=\"application\/ld+json\" class=\"yoast-schema-graph\">{\"@context\":\"https:\\\/\\\/schema.org\",\"@graph\":[{\"@type\":\"WebPage\",\"@id\":\"https:\\\/\\\/www.airbag.cc\\\/high-end-customized-smart-pneumatic-fender\\\/\",\"url\":\"https:\\\/\\\/www.airbag.cc\\\/high-end-customized-smart-pneumatic-fender\\\/\",\"name\":\"HIGH END CUSTOMIZED-Smart Pneumatic Fender - pneumatic fenders_yokohama fender_vessel fender-NanHai Groups Marine\",\"isPartOf\":{\"@id\":\"https:\\\/\\\/www.airbag.cc\\\/#website\"},\"datePublished\":\"2025-04-08T10:23:43+00:00\",\"dateModified\":\"2025-07-07T08:54:32+00:00\",\"breadcrumb\":{\"@id\":\"https:\\\/\\\/www.airbag.cc\\\/high-end-customized-smart-pneumatic-fender\\\/#breadcrumb\"},\"inLanguage\":\"fr-FR\",\"potentialAction\":[{\"@type\":\"ReadAction\",\"target\":[\"https:\\\/\\\/www.airbag.cc\\\/high-end-customized-smart-pneumatic-fender\\\/\"]}]},{\"@type\":\"BreadcrumbList\",\"@id\":\"https:\\\/\\\/www.airbag.cc\\\/high-end-customized-smart-pneumatic-fender\\\/#breadcrumb\",\"itemListElement\":[{\"@type\":\"ListItem\",\"position\":1,\"name\":\"\u9996\u9875\",\"item\":\"https:\\\/\\\/www.airbag.cc\\\/\"},{\"@type\":\"ListItem\",\"position\":2,\"name\":\"HIGH END CUSTOMIZED-Smart Pneumatic Fender\"}]},{\"@type\":\"WebSite\",\"@id\":\"https:\\\/\\\/www.airbag.cc\\\/#website\",\"url\":\"https:\\\/\\\/www.airbag.cc\\\/\",\"name\":\"pneumatic fenders_yokohama fender_vessel fender-NanHai Groups Marine\",\"description\":\"\",\"publisher\":{\"@id\":\"https:\\\/\\\/www.airbag.cc\\\/#organization\"},\"potentialAction\":[{\"@type\":\"SearchAction\",\"target\":{\"@type\":\"EntryPoint\",\"urlTemplate\":\"https:\\\/\\\/www.airbag.cc\\\/?s={search_term_string}\"},\"query-input\":{\"@type\":\"PropertyValueSpecification\",\"valueRequired\":true,\"valueName\":\"search_term_string\"}}],\"inLanguage\":\"fr-FR\"},{\"@type\":\"Organization\",\"@id\":\"https:\\\/\\\/www.airbag.cc\\\/#organization\",\"name\":\"Shandong NANHAI Airbag Engineering Co., Ltd\",\"url\":\"https:\\\/\\\/www.airbag.cc\\\/\",\"logo\":{\"@type\":\"ImageObject\",\"inLanguage\":\"fr-FR\",\"@id\":\"https:\\\/\\\/www.airbag.cc\\\/#\\\/schema\\\/logo\\\/image\\\/\",\"url\":\"https:\\\/\\\/www.airbag.cc\\\/wp-content\\\/uploads\\\/2021\\\/10\\\/NANHAI-logo-250100.png\",\"contentUrl\":\"https:\\\/\\\/www.airbag.cc\\\/wp-content\\\/uploads\\\/2021\\\/10\\\/NANHAI-logo-250100.png\",\"width\":250,\"height\":100,\"caption\":\"Shandong NANHAI Airbag Engineering Co., Ltd\"},\"image\":{\"@id\":\"https:\\\/\\\/www.airbag.cc\\\/#\\\/schema\\\/logo\\\/image\\\/\"},\"sameAs\":[\"https:\\\/\\\/www.facebook.com\\\/nanhaimarine\\\/\"]}]}<\/script>\n<!-- \/ Yoast SEO Premium plugin. -->","yoast_head_json":{"title":"D\u00e9fenses pneumatiques - d\u00e9fenses pneumatiques_yokohama d\u00e9fenses_navires-NanHai Groups Marine","robots":{"index":"index","follow":"follow","max-snippet":"max-snippet:-1","max-image-preview":"max-image-preview:large","max-video-preview":"max-video-preview:-1"},"canonical":"https:\/\/www.airbag.cc\/fr\/high-end-customized-smart-pneumatic-fender\/","og_locale":"fr_FR","og_type":"article","og_title":"HIGH END CUSTOMIZED-Smart Pneumatic Fender","og_url":"https:\/\/www.airbag.cc\/fr\/high-end-customized-smart-pneumatic-fender\/","og_site_name":"pneumatic fenders_yokohama fender_vessel fender-NanHai Groups Marine","article_publisher":"https:\/\/www.facebook.com\/nanhaimarine\/","article_modified_time":"2025-07-07T08:54:32+00:00","twitter_card":"summary_large_image","schema":{"@context":"https:\/\/schema.org","@graph":[{"@type":"WebPage","@id":"https:\/\/www.airbag.cc\/high-end-customized-smart-pneumatic-fender\/","url":"https:\/\/www.airbag.cc\/high-end-customized-smart-pneumatic-fender\/","name":"D\u00e9fenses pneumatiques - d\u00e9fenses pneumatiques_yokohama d\u00e9fenses_navires-NanHai Groups Marine","isPartOf":{"@id":"https:\/\/www.airbag.cc\/#website"},"datePublished":"2025-04-08T10:23:43+00:00","dateModified":"2025-07-07T08:54:32+00:00","breadcrumb":{"@id":"https:\/\/www.airbag.cc\/high-end-customized-smart-pneumatic-fender\/#breadcrumb"},"inLanguage":"fr-FR","potentialAction":[{"@type":"ReadAction","target":["https:\/\/www.airbag.cc\/high-end-customized-smart-pneumatic-fender\/"]}]},{"@type":"BreadcrumbList","@id":"https:\/\/www.airbag.cc\/high-end-customized-smart-pneumatic-fender\/#breadcrumb","itemListElement":[{"@type":"ListItem","position":1,"name":"\u9996\u9875","item":"https:\/\/www.airbag.cc\/"},{"@type":"ListItem","position":2,"name":"HIGH END CUSTOMIZED-Smart Pneumatic Fender"}]},{"@type":"WebSite","@id":"https:\/\/www.airbag.cc\/#website","url":"https:\/\/www.airbag.cc\/","name":"ailes pneumatiques_amortisseur yokohama_amortisseur de navire-NanHai Groups Marine","description":"","publisher":{"@id":"https:\/\/www.airbag.cc\/#organization"},"potentialAction":[{"@type":"SearchAction","target":{"@type":"EntryPoint","urlTemplate":"https:\/\/www.airbag.cc\/?s={search_term_string}"},"query-input":{"@type":"PropertyValueSpecification","valueRequired":true,"valueName":"search_term_string"}}],"inLanguage":"fr-FR"},{"@type":"Organization","@id":"https:\/\/www.airbag.cc\/#organization","name":"Shandong NANHAI Airbag Engineering Co. Ltd","url":"https:\/\/www.airbag.cc\/","logo":{"@type":"ImageObject","inLanguage":"fr-FR","@id":"https:\/\/www.airbag.cc\/#\/schema\/logo\/image\/","url":"https:\/\/www.airbag.cc\/wp-content\/uploads\/2021\/10\/NANHAI-logo-250100.png","contentUrl":"https:\/\/www.airbag.cc\/wp-content\/uploads\/2021\/10\/NANHAI-logo-250100.png","width":250,"height":100,"caption":"Shandong NANHAI Airbag Engineering Co., Ltd"},"image":{"@id":"https:\/\/www.airbag.cc\/#\/schema\/logo\/image\/"},"sameAs":["https:\/\/www.facebook.com\/nanhaimarine\/"]}]}},"_links":{"self":[{"href":"https:\/\/www.airbag.cc\/fr\/wp-json\/wp\/v2\/pages\/4097","targetHints":{"allow":["GET"]}}],"collection":[{"href":"https:\/\/www.airbag.cc\/fr\/wp-json\/wp\/v2\/pages"}],"about":[{"href":"https:\/\/www.airbag.cc\/fr\/wp-json\/wp\/v2\/types\/page"}],"author":[{"embeddable":true,"href":"https:\/\/www.airbag.cc\/fr\/wp-json\/wp\/v2\/users\/1"}],"replies":[{"embeddable":true,"href":"https:\/\/www.airbag.cc\/fr\/wp-json\/wp\/v2\/comments?post=4097"}],"version-history":[{"count":3,"href":"https:\/\/www.airbag.cc\/fr\/wp-json\/wp\/v2\/pages\/4097\/revisions"}],"predecessor-version":[{"id":4519,"href":"https:\/\/www.airbag.cc\/fr\/wp-json\/wp\/v2\/pages\/4097\/revisions\/4519"}],"wp:attachment":[{"href":"https:\/\/www.airbag.cc\/fr\/wp-json\/wp\/v2\/media?parent=4097"}],"curies":[{"name":"wp","href":"https:\/\/api.w.org\/{rel}","templated":true}]}}